{"id":30020,"date":"2023-02-19T16:03:37","date_gmt":"2023-02-19T15:03:37","guid":{"rendered":"https:\/\/stage.deutschendorf-bau.de\/?page_id=30020"},"modified":"2023-02-21T19:29:03","modified_gmt":"2023-02-21T18:29:03","slug":"startseite-2","status":"publish","type":"page","link":"https:\/\/deutschendorf-bau.de\/","title":{"rendered":"Startseite"},"content":{"rendered":"\t\t<div data-elementor-type=\"wp-post\" data-elementor-id=\"30020\" class=\"elementor elementor-30020\">\n\t\t\t\t\t\t<section class=\"elementor-section elementor-top-section elementor-element elementor-element-50ccbda0 elementor-section-height-min-height elementor-section-boxed elementor-section-height-default elementor-section-items-middle neuron-fixed-no\" data-id=\"50ccbda0\" data-element_type=\"section\" data-e-type=\"section\" data-settings=\"{&quot;background_background&quot;:&quot;classic&quot;}\">\n\t\t\t\t\t\t\t<div class=\"elementor-background-overlay\"><\/div>\n\t\t\t\t\t\t\t<div class=\"elementor-container elementor-column-gap-wide\">\n\t\t\t\t\t<div class=\"elementor-column elementor-col-100 elementor-top-column elementor-element elementor-element-6a7d93b4\" data-id=\"6a7d93b4\" data-element_type=\"column\" data-e-type=\"column\">\n\t\t\t<div class=\"elementor-widget-wrap elementor-element-populated\">\n\t\t\t\t\t\t<div class=\"elementor-element elementor-element-5bdb19cd elementor-widget elementor-widget-heading\" data-id=\"5bdb19cd\" data-element_type=\"widget\" data-e-type=\"widget\" data-widget_type=\"heading.default\">\n\t\t\t\t<div class=\"elementor-widget-container\">\n\t\t\t\t\t<h2 class=\"elementor-heading-title elementor-size-xl\">Maurerarbeiten, Beton- und Sanierungsarbeiten, Fliesen- und Natursteinarbeiten jeder Art<\/h2>\t\t\t\t<\/div>\n\t\t\t\t<\/div>\n\t\t\t\t\t<\/div>\n\t\t<\/div>\n\t\t\t\t\t<\/div>\n\t\t<\/section>\n\t\t\t\t<section class=\"elementor-section elementor-top-section elementor-element elementor-element-eaaefb6 elementor-section-boxed elementor-section-height-default elementor-section-height-default neuron-fixed-no\" data-id=\"eaaefb6\" data-element_type=\"section\" data-e-type=\"section\">\n\t\t\t\t\t\t<div class=\"elementor-container elementor-column-gap-default\">\n\t\t\t\t\t<div class=\"elementor-column elementor-col-50 elementor-top-column elementor-element elementor-element-b0e8274 elementor-invisible\" data-id=\"b0e8274\" data-element_type=\"column\" data-e-type=\"column\" data-settings=\"{&quot;animation&quot;:&quot;fadeInLeft&quot;}\">\n\t\t\t<div class=\"elementor-widget-wrap elementor-element-populated\">\n\t\t\t\t\t\t<div class=\"elementor-element elementor-element-a7da45f elementor-widget-divider--view-line elementor-widget elementor-widget-divider\" data-id=\"a7da45f\" data-element_type=\"widget\" data-e-type=\"widget\" data-widget_type=\"divider.default\">\n\t\t\t\t<div class=\"elementor-widget-container\">\n\t\t\t\t\t\t\t<div class=\"elementor-divider\">\n\t\t\t<span class=\"elementor-divider-separator\">\n\t\t\t\t\t\t<\/span>\n\t\t<\/div>\n\t\t\t\t\t\t<\/div>\n\t\t\t\t<\/div>\n\t\t\t\t<div class=\"elementor-element elementor-element-9ce8af1 elementor-widget elementor-widget-heading\" data-id=\"9ce8af1\" data-element_type=\"widget\" data-e-type=\"widget\" data-widget_type=\"heading.default\">\n\t\t\t\t<div class=\"elementor-widget-container\">\n\t\t\t\t\t<h4 class=\"elementor-heading-title elementor-size-default\">Leistungen<\/h4>\t\t\t\t<\/div>\n\t\t\t\t<\/div>\n\t\t\t\t\t<\/div>\n\t\t<\/div>\n\t\t\t\t<div class=\"elementor-column elementor-col-50 elementor-top-column elementor-element elementor-element-5fdb84c\" data-id=\"5fdb84c\" data-element_type=\"column\" data-e-type=\"column\">\n\t\t\t<div class=\"elementor-widget-wrap elementor-element-populated\">\n\t\t\t\t\t\t<div class=\"elementor-element elementor-element-62e11b4 elementor-invisible elementor-widget elementor-widget-text-editor\" data-id=\"62e11b4\" data-element_type=\"widget\" data-e-type=\"widget\" data-settings=\"{&quot;_animation&quot;:&quot;fadeInLeft&quot;,&quot;_animation_delay&quot;:100}\" data-widget_type=\"text-editor.default\">\n\t\t\t\t<div class=\"elementor-widget-container\">\n\t\t\t\t\t\t\t\t\t<h4><span style=\"color: #9c110a;\">Sie m\u00f6chten bauen, umbauen, renovieren?<\/span><\/h4>\n<p>Sie m\u00f6chten <b>bauen<\/b>, <b>anbauen<\/b> oder <b>umbauen<\/b>, <b>neu gestalten<\/b> oder <b>renovieren<\/b>, <b>modernisieren<\/b> oder <b>sanieren &#8211; <\/b>auch<b> altersgerecht und barrierefrei<\/b>?<\/p><p>Vertrauen Sie auf unsere Erfahrung in allen Fragen rund um den Bau.<\/p>\n<p>Schon <b>seit 2004<\/b> f\u00fchrt das <b>Baugesch\u00e4ft<\/b> Jens Deutschendorf Ihre <b>kleinen und gro\u00dfen Auftr\u00e4ge<\/b> aus und setzt Ihre W\u00fcnsche in Stein um.<\/p>\n<ul>\n<li style=\"list-style-type: none;\">\n<ul>\n<li style=\"list-style-type: none;\">\n<ul>\n<li style=\"text-align: left;\">\n<p><strong>Individuelle Neubauten nach Ihren W\u00fcnschen &#8211; schl\u00fcsselfertig Stein auf Stein<\/strong><\/p>\n<\/li>\n<li style=\"text-align: left;\">\n<p><strong>An- und Umbauten, Durchbr\u00fcche, Garagen etc.<\/strong><\/p>\n<\/li>\n<li style=\"text-align: left;\">\n<p><strong>Fassadensanierung, Innenausbau, Kellerabdichtung von innen und au\u00dfen<\/strong><\/p>\n<\/li>\n<li style=\"text-align: left;\">\n<p><strong>Fliesenverlegung innen und au\u00dfen (B\u00e4der,&nbsp; Wohnr\u00e4ume, Terrassen)<\/strong><\/p>\n<\/li>\n<li style=\"text-align: left;\">\n<p><strong>Natursteinarbeiten (Mauern, Wege, Terrassen)<\/strong><\/p>\n<\/li>\n<\/ul>\n<\/li>\n<\/ul>\n<\/li>\n<\/ul>\n<h5>Wir arbeiten seit Jahren mit lokal ausgew\u00e4hlten und bew\u00e4hrten Fachfirmen Hand in Hand.<\/h5>\t\t\t\t\t\t\t\t<\/div>\n\t\t\t\t<\/div>\n\t\t\t\t\t<\/div>\n\t\t<\/div>\n\t\t\t\t\t<\/div>\n\t\t<\/section>\n\t\t\t\t<section class=\"elementor-section elementor-top-section elementor-element elementor-element-c5b9da7 elementor-section-height-min-height elementor-section-content-top elementor-section-boxed elementor-section-height-default elementor-section-items-middle neuron-fixed-no\" data-id=\"c5b9da7\" data-element_type=\"section\" data-e-type=\"section\">\n\t\t\t\t\t\t<div class=\"elementor-container elementor-column-gap-default\">\n\t\t\t\t\t<div class=\"elementor-column elementor-col-100 elementor-top-column elementor-element elementor-element-fc493ea\" data-id=\"fc493ea\" data-element_type=\"column\" data-e-type=\"column\">\n\t\t\t<div class=\"elementor-widget-wrap elementor-element-populated\">\n\t\t\t\t\t\t<div class=\"elementor-element elementor-element-303e86b elementor-widget elementor-widget-heading\" data-id=\"303e86b\" data-element_type=\"widget\" data-e-type=\"widget\" data-widget_type=\"heading.default\">\n\t\t\t\t<div class=\"elementor-widget-container\">\n\t\t\t\t\t<h4 class=\"elementor-heading-title elementor-size-default\">Informieren Sie sich zu unseren nachfolgenden Leistungen<\/h4>\t\t\t\t<\/div>\n\t\t\t\t<\/div>\n\t\t\t\t<div class=\"elementor-element elementor-element-34db214 elementor-widget elementor-widget-neuron-posts\" data-id=\"34db214\" data-element_type=\"widget\" data-e-type=\"widget\" data-widget_type=\"neuron-posts.default\">\n\t\t\t\t<div class=\"elementor-widget-container\">\n\t\t\t\t\t\t\t<div class=\"l-posts-wrapper l-filters-holder l-posts-wrapper--meta-outside h-overflow-hidden l-portfolio-wrapper\" data-posts=\"34db214\">\n\t\t\t\t\t\t\t\t\t<div class=\"l-portfolio-wrapper__items-holder l-portfolio-wrapper__items-holder--meta-outside h-overflow-hidden\">\n\t\t\t\t<div class=\"owl-carousel owl-theme\" id=\"07b6bb6959a6bbaf3172ff999d52e078\" data-stage-padding=\"150\" data-animation=\"h-fadeInLeftNeuron\" data-wow=\"yes\">\n                    <div class=\"o-post o-portfolio-item wow h-fadeInLeftNeuron item\" data-id=\"28728\" >\n                <div class=\"o-neuron-hover o-neuron-hover--icon o-neuron-hover--translate\">\n        <div class=\"o-neuron-hover-holder\">\n            <div class=\"o-neuron-hover-holder__header\">\n                                    <a href=\"https:\/\/deutschendorf-bau.de\/index.php\/portfolio\/naturstein\/\" class=\"o-neuron-hover-holder__header__media\">\n                                                                                    <div class=\"h-full-height-image h-background-image-style\" style=\"background-image: url(https:\/\/deutschendorf-bau.de\/wp-content\/uploads\/2019\/07\/r-architecture-P_0tnQ8hb70-unsplash-1-scaled.jpg)\"><\/div>\n                                                                        <\/a>\n                                                    <div class=\"o-neuron-hover-holder__header__overlay\"><\/div>\n                            <\/div>\n                            <div class=\"o-neuron-hover-holder__body justify-content-center d-flex\">\n                    <div class=\"o-neuron-hover-holder__body__inner d-flex\">\n                        <div class=\"o-neuron-hover-holder__body-meta o-neuron__post-icon\">\n                                                    <\/div>\n                    <\/div>\n                    <a href=\"https:\/\/deutschendorf-bau.de\/index.php\/portfolio\/naturstein\/\"><\/a>\n                <\/div>\n                        <\/div>\n    <\/div>\n<div class=\"o-portfolio-item__content o-neuron-post__content\">\n            <h5 class=\"o-portfolio-item__title o-neuron-post__title\"><a href=\"https:\/\/deutschendorf-bau.de\/index.php\/portfolio\/naturstein\/\">Natursteinarbeiten und Fliesenverlegung<\/a><\/h5>\n        <\/div>        <\/div>\n                    <div class=\"o-post o-portfolio-item wow h-fadeInLeftNeuron item\" data-id=\"28663\" >\n                <div class=\"o-neuron-hover o-neuron-hover--icon o-neuron-hover--translate\">\n        <div class=\"o-neuron-hover-holder\">\n            <div class=\"o-neuron-hover-holder__header\">\n                                    <a href=\"https:\/\/deutschendorf-bau.de\/index.php\/portfolio\/umbauten\/\" class=\"o-neuron-hover-holder__header__media\">\n                                                                                    <div class=\"h-full-height-image h-background-image-style\" style=\"background-image: url(https:\/\/deutschendorf-bau.de\/wp-content\/uploads\/2019\/07\/milivoj-kuhar-Te48TPzdcU8-unsplash-2-scaled.jpg)\"><\/div>\n                                                                        <\/a>\n                                                    <div class=\"o-neuron-hover-holder__header__overlay\"><\/div>\n                            <\/div>\n                            <div class=\"o-neuron-hover-holder__body justify-content-center d-flex\">\n                    <div class=\"o-neuron-hover-holder__body__inner d-flex\">\n                        <div class=\"o-neuron-hover-holder__body-meta o-neuron__post-icon\">\n                                                    <\/div>\n                    <\/div>\n                    <a href=\"https:\/\/deutschendorf-bau.de\/index.php\/portfolio\/umbauten\/\"><\/a>\n                <\/div>\n                        <\/div>\n    <\/div>\n<div class=\"o-portfolio-item__content o-neuron-post__content\">\n            <h5 class=\"o-portfolio-item__title o-neuron-post__title\"><a href=\"https:\/\/deutschendorf-bau.de\/index.php\/portfolio\/umbauten\/\">An-, Umbauten und Sanierung<\/a><\/h5>\n        <\/div>        <\/div>\n                    <div class=\"o-post o-portfolio-item wow h-fadeInLeftNeuron item\" data-id=\"3471\" data-wow-delay=0.2s>\n                <div class=\"o-neuron-hover o-neuron-hover--icon o-neuron-hover--translate\">\n        <div class=\"o-neuron-hover-holder\">\n            <div class=\"o-neuron-hover-holder__header\">\n                                    <a href=\"https:\/\/deutschendorf-bau.de\/index.php\/portfolio\/schluesselfertigbauen\/\" class=\"o-neuron-hover-holder__header__media\">\n                                                                                    <div class=\"h-full-height-image h-background-image-style\" style=\"background-image: url(https:\/\/deutschendorf-bau.de\/wp-content\/uploads\/2018\/09\/ibrahim-rifath-wj6Qz24kwUA-unsplash-scaled.jpg)\"><\/div>\n                                                                        <\/a>\n                                                    <div class=\"o-neuron-hover-holder__header__overlay\"><\/div>\n                            <\/div>\n                            <div class=\"o-neuron-hover-holder__body justify-content-center d-flex\">\n                    <div class=\"o-neuron-hover-holder__body__inner d-flex\">\n                        <div class=\"o-neuron-hover-holder__body-meta o-neuron__post-icon\">\n                                                    <\/div>\n                    <\/div>\n                    <a href=\"https:\/\/deutschendorf-bau.de\/index.php\/portfolio\/schluesselfertigbauen\/\"><\/a>\n                <\/div>\n                        <\/div>\n    <\/div>\n<div class=\"o-portfolio-item__content o-neuron-post__content\">\n            <h5 class=\"o-portfolio-item__title o-neuron-post__title\"><a href=\"https:\/\/deutschendorf-bau.de\/index.php\/portfolio\/schluesselfertigbauen\/\">Schl\u00fcsselfertig bauen<\/a><\/h5>\n        <\/div>        <\/div>\n    <\/div>\n<script type=\"text\/javascript\">\n    jQuery(document).ready(function($) {\n        var owl = $('#07b6bb6959a6bbaf3172ff999d52e078');\n\n        owl.owlCarousel({\n            items: 1,\n            margin: 10,\n            autoHeight: false,\n            loop: false,\n            mouseDrag: true,\n            touchDrag: true,\n            stagePadding: 0,\n            startPosition: 1,\n            nav: true,\n            navText: [\n                '<svg xmlns=\"http:\/\/www.w3.org\/2000\/svg\" width=\"22\" height=\"22\" viewBox=\"0 0 24 24\" fill=\"none\" stroke=\"currentColor\" stroke-width=\"2\" stroke-linecap=\"round\" stroke-linejoin=\"round\" class=\"feather feather-arrow-left\"><line x1=\"19\" y1=\"12\" x2=\"5\" y2=\"12\"><\/line><polyline points=\"12 19 5 12 12 5\"><\/polyline><\/svg>',\n                '<svg xmlns=\"http:\/\/www.w3.org\/2000\/svg\" width=\"22\" height=\"22\" viewBox=\"0 0 24 24\" fill=\"none\" stroke=\"currentColor\" stroke-width=\"2\" stroke-linecap=\"round\" stroke-linejoin=\"round\" class=\"feather feather-arrow-right\"><line x1=\"5\" y1=\"12\" x2=\"19\" y2=\"12\"><\/line><polyline points=\"12 5 19 12 12 19\"><\/polyline><\/svg>'\n            ],\n            dots: false,\n            autoplay: false,\n            autoplayTimeout: 2000,\n            autoplayHoverPause: false,\n            smartSpeed: 450,\n            responsive:{\n                768:{\n                    items: 1,\n                    margin: 30,\n                    stagePadding: 120                },\n                992:{\n                    items: 1,\n                    margin: 22,\n                    stagePadding: 150                }\n            }\n        });\n    });\n<\/script>\t\t\t<\/div>\n        <\/div>\n        \t\t\t\t<\/div>\n\t\t\t\t<\/div>\n\t\t\t\t\t<\/div>\n\t\t<\/div>\n\t\t\t\t\t<\/div>\n\t\t<\/section>\n\t\t\t\t<section class=\"elementor-section elementor-top-section elementor-element elementor-element-fd7da8d elementor-section-boxed elementor-section-height-default elementor-section-height-default neuron-fixed-no\" data-id=\"fd7da8d\" data-element_type=\"section\" data-e-type=\"section\">\n\t\t\t\t\t\t<div class=\"elementor-container elementor-column-gap-default\">\n\t\t\t\t\t<div class=\"elementor-column elementor-col-50 elementor-top-column elementor-element elementor-element-76ba7ae elementor-invisible\" data-id=\"76ba7ae\" data-element_type=\"column\" data-e-type=\"column\" data-settings=\"{&quot;animation&quot;:&quot;fadeInLeft&quot;,&quot;animation_delay&quot;:300}\">\n\t\t\t<div class=\"elementor-widget-wrap elementor-element-populated\">\n\t\t\t\t\t\t<div class=\"elementor-element elementor-element-f294fef elementor-widget-divider--view-line elementor-widget elementor-widget-divider\" data-id=\"f294fef\" data-element_type=\"widget\" data-e-type=\"widget\" data-widget_type=\"divider.default\">\n\t\t\t\t<div class=\"elementor-widget-container\">\n\t\t\t\t\t\t\t<div class=\"elementor-divider\">\n\t\t\t<span class=\"elementor-divider-separator\">\n\t\t\t\t\t\t<\/span>\n\t\t<\/div>\n\t\t\t\t\t\t<\/div>\n\t\t\t\t<\/div>\n\t\t\t\t<div class=\"elementor-element elementor-element-dbac70b elementor-widget elementor-widget-heading\" data-id=\"dbac70b\" data-element_type=\"widget\" data-e-type=\"widget\" data-widget_type=\"heading.default\">\n\t\t\t\t<div class=\"elementor-widget-container\">\n\t\t\t\t\t<h4 class=\"elementor-heading-title elementor-size-default\">\u00dcber uns<\/h4>\t\t\t\t<\/div>\n\t\t\t\t<\/div>\n\t\t\t\t\t<\/div>\n\t\t<\/div>\n\t\t\t\t<div class=\"elementor-column elementor-col-50 elementor-top-column elementor-element elementor-element-6904328\" data-id=\"6904328\" data-element_type=\"column\" data-e-type=\"column\">\n\t\t\t<div class=\"elementor-widget-wrap elementor-element-populated\">\n\t\t\t\t\t\t<div class=\"elementor-element elementor-element-70645f8 elementor-widget elementor-widget-text-editor\" data-id=\"70645f8\" data-element_type=\"widget\" data-e-type=\"widget\" data-widget_type=\"text-editor.default\">\n\t\t\t\t<div class=\"elementor-widget-container\">\n\t\t\t\t\t\t\t\t\t<p>In <strong>Malente<\/strong> zwischen <strong>Pl\u00f6n<\/strong> und <strong>Eutin<\/strong> zuhause \u00fcbernehmen wir Ihre Bauvorhaben im <strong>Gro\u00dfraum<\/strong> <strong>L\u00fcbeck<\/strong> und <strong>Kiel<\/strong>.<\/p><p>Ihr Anspruch an uns als Meisterbetrieb erf\u00fcllen wir durch beste Handwerksarbeit &#8211; fachgerecht und zuverl\u00e4ssig.<\/p><p>\u00a0<\/p><h5><em>Erst wenn Sie zufrieden sind, sind wir es auch.<\/em><\/h5><h5 style=\"padding-left: 40px;\">Fragen Sie uns zu Ihrem Bauvorhaben:<br \/><a href=\"tel:0 45 23 \/ 99 09 89\"><span style=\"color: #800000;\"><span style=\"color: #9c110a;\">Tel. 0 45 23 \/ 99 09 89<\/span><\/span><\/a><\/h5><p><em><strong>Ihr Jens Deutschendorf<\/strong><\/em><br \/><em><strong>Maurer- und Stahlbetonbaumeister<\/strong><\/em><\/p>\t\t\t\t\t\t\t\t<\/div>\n\t\t\t\t<\/div>\n\t\t\t\t\t<\/div>\n\t\t<\/div>\n\t\t\t\t\t<\/div>\n\t\t<\/section>\n\t\t\t\t<\/div>\n\t\t","protected":false},"excerpt":{"rendered":"<p>Maurerarbeiten, Beton- und Sanierungsarbeiten, Fliesen- und Natursteinarbeiten jeder Art Leistungen Sie m\u00f6chten bauen, umbauen, renovieren? Sie m\u00f6chten bauen,&#8230;<\/p>\n","protected":false},"author":1,"featured_media":0,"parent":0,"menu_order":58,"comment_status":"closed","ping_status":"closed","template":"","meta":{"_acf_changed":false,"footnotes":""},"class_list":["post-30020","page","type-page","status-publish","hentry"],"acf":[],"yoast_head":"<!-- This site is optimized with the Yoast SEO plugin v27.5 - https:\/\/yoast.com\/product\/yoast-seo-wordpress\/ -->\n<title>Startseite - Baugesch\u00e4ft Jens Deutschendorf<\/title>\n<meta name=\"robots\" content=\"index, follow, max-snippet:-1, max-image-preview:large, max-video-preview:-1\" \/>\n<link rel=\"canonical\" href=\"https:\/\/deutschendorf-bau.de\/\" \/>\n<meta property=\"og:locale\" content=\"de_DE\" \/>\n<meta property=\"og:type\" content=\"article\" \/>\n<meta property=\"og:title\" content=\"Startseite - Baugesch\u00e4ft Jens Deutschendorf\" \/>\n<meta property=\"og:description\" content=\"Maurerarbeiten, Beton- und Sanierungsarbeiten, Fliesen- und Natursteinarbeiten jeder Art Leistungen Sie m\u00f6chten bauen, umbauen, renovieren? Sie m\u00f6chten bauen,...\" \/>\n<meta property=\"og:url\" content=\"https:\/\/deutschendorf-bau.de\/\" \/>\n<meta property=\"og:site_name\" content=\"Baugesch\u00e4ft Jens Deutschendorf\" \/>\n<meta property=\"article:modified_time\" content=\"2023-02-21T18:29:03+00:00\" \/>\n<meta name=\"twitter:card\" content=\"summary_large_image\" \/>\n<meta name=\"twitter:label1\" content=\"Gesch\u00e4tzte Lesezeit\" \/>\n\t<meta name=\"twitter:data1\" content=\"2\u00a0Minuten\" \/>\n<script type=\"application\/ld+json\" class=\"yoast-schema-graph\">{\"@context\":\"https:\\\/\\\/schema.org\",\"@graph\":[{\"@type\":\"WebPage\",\"@id\":\"https:\\\/\\\/deutschendorf-bau.de\\\/\",\"url\":\"https:\\\/\\\/deutschendorf-bau.de\\\/\",\"name\":\"Startseite - Baugesch\u00e4ft Jens Deutschendorf\",\"isPartOf\":{\"@id\":\"https:\\\/\\\/deutschendorf-bau.de\\\/#website\"},\"datePublished\":\"2023-02-19T15:03:37+00:00\",\"dateModified\":\"2023-02-21T18:29:03+00:00\",\"breadcrumb\":{\"@id\":\"https:\\\/\\\/deutschendorf-bau.de\\\/#breadcrumb\"},\"inLanguage\":\"de\",\"potentialAction\":[{\"@type\":\"ReadAction\",\"target\":[\"https:\\\/\\\/deutschendorf-bau.de\\\/\"]}]},{\"@type\":\"BreadcrumbList\",\"@id\":\"https:\\\/\\\/deutschendorf-bau.de\\\/#breadcrumb\",\"itemListElement\":[{\"@type\":\"ListItem\",\"position\":1,\"name\":\"Startseite\",\"item\":\"https:\\\/\\\/deutschendorf-bau.de\\\/\"},{\"@type\":\"ListItem\",\"position\":2,\"name\":\"Startseite\"}]},{\"@type\":\"WebSite\",\"@id\":\"https:\\\/\\\/deutschendorf-bau.de\\\/#website\",\"url\":\"https:\\\/\\\/deutschendorf-bau.de\\\/\",\"name\":\"Baugesch\u00e4ft Jens Deutschendorf\",\"description\":\"\",\"potentialAction\":[{\"@type\":\"SearchAction\",\"target\":{\"@type\":\"EntryPoint\",\"urlTemplate\":\"https:\\\/\\\/deutschendorf-bau.de\\\/?s={search_term_string}\"},\"query-input\":{\"@type\":\"PropertyValueSpecification\",\"valueRequired\":true,\"valueName\":\"search_term_string\"}}],\"inLanguage\":\"de\"}]}<\/script>\n<!-- \/ Yoast SEO plugin. -->","yoast_head_json":{"title":"Startseite - Baugesch\u00e4ft Jens Deutschendorf","robots":{"index":"index","follow":"follow","max-snippet":"max-snippet:-1","max-image-preview":"max-image-preview:large","max-video-preview":"max-video-preview:-1"},"canonical":"https:\/\/deutschendorf-bau.de\/","og_locale":"de_DE","og_type":"article","og_title":"Startseite - Baugesch\u00e4ft Jens Deutschendorf","og_description":"Maurerarbeiten, Beton- und Sanierungsarbeiten, Fliesen- und Natursteinarbeiten jeder Art Leistungen Sie m\u00f6chten bauen, umbauen, renovieren? Sie m\u00f6chten bauen,...","og_url":"https:\/\/deutschendorf-bau.de\/","og_site_name":"Baugesch\u00e4ft Jens Deutschendorf","article_modified_time":"2023-02-21T18:29:03+00:00","twitter_card":"summary_large_image","twitter_misc":{"Gesch\u00e4tzte Lesezeit":"2\u00a0Minuten"},"schema":{"@context":"https:\/\/schema.org","@graph":[{"@type":"WebPage","@id":"https:\/\/deutschendorf-bau.de\/","url":"https:\/\/deutschendorf-bau.de\/","name":"Startseite - Baugesch\u00e4ft Jens Deutschendorf","isPartOf":{"@id":"https:\/\/deutschendorf-bau.de\/#website"},"datePublished":"2023-02-19T15:03:37+00:00","dateModified":"2023-02-21T18:29:03+00:00","breadcrumb":{"@id":"https:\/\/deutschendorf-bau.de\/#breadcrumb"},"inLanguage":"de","potentialAction":[{"@type":"ReadAction","target":["https:\/\/deutschendorf-bau.de\/"]}]},{"@type":"BreadcrumbList","@id":"https:\/\/deutschendorf-bau.de\/#breadcrumb","itemListElement":[{"@type":"ListItem","position":1,"name":"Startseite","item":"https:\/\/deutschendorf-bau.de\/"},{"@type":"ListItem","position":2,"name":"Startseite"}]},{"@type":"WebSite","@id":"https:\/\/deutschendorf-bau.de\/#website","url":"https:\/\/deutschendorf-bau.de\/","name":"Baugesch\u00e4ft Jens Deutschendorf","description":"","potentialAction":[{"@type":"SearchAction","target":{"@type":"EntryPoint","urlTemplate":"https:\/\/deutschendorf-bau.de\/?s={search_term_string}"},"query-input":{"@type":"PropertyValueSpecification","valueRequired":true,"valueName":"search_term_string"}}],"inLanguage":"de"}]}},"_links":{"self":[{"href":"https:\/\/deutschendorf-bau.de\/index.php\/wp-json\/wp\/v2\/pages\/30020","targetHints":{"allow":["GET"]}}],"collection":[{"href":"https:\/\/deutschendorf-bau.de\/index.php\/wp-json\/wp\/v2\/pages"}],"about":[{"href":"https:\/\/deutschendorf-bau.de\/index.php\/wp-json\/wp\/v2\/types\/page"}],"author":[{"embeddable":true,"href":"https:\/\/deutschendorf-bau.de\/index.php\/wp-json\/wp\/v2\/users\/1"}],"replies":[{"embeddable":true,"href":"https:\/\/deutschendorf-bau.de\/index.php\/wp-json\/wp\/v2\/comments?post=30020"}],"version-history":[{"count":96,"href":"https:\/\/deutschendorf-bau.de\/index.php\/wp-json\/wp\/v2\/pages\/30020\/revisions"}],"predecessor-version":[{"id":30361,"href":"https:\/\/deutschendorf-bau.de\/index.php\/wp-json\/wp\/v2\/pages\/30020\/revisions\/30361"}],"wp:attachment":[{"href":"https:\/\/deutschendorf-bau.de\/index.php\/wp-json\/wp\/v2\/media?parent=30020"}],"curies":[{"name":"wp","href":"https:\/\/api.w.org\/{rel}","templated":true}]}}